{"id":4001,"date":"2015-10-30T16:22:58","date_gmt":"2015-10-30T16:22:58","guid":{"rendered":"http:\/\/z-lap.hu\/nevjegyk\/?page_id=4001"},"modified":"2022-07-17T11:47:05","modified_gmt":"2022-07-17T09:47:05","slug":"altalanos-szerzodesi-feltetelek","status":"publish","type":"page","link":"https:\/\/namecard.hu\/en\/altalanos-szerzodesi-feltetelek\/","title":{"rendered":"\u00c1ltal\u00e1nos szerz\u0151d\u00e9si felt\u00e9telek \u00e9s inform\u00e1ci\u00f3k"},"content":{"rendered":"<p>Amennyiben ig\u00e9nybe k\u00edv\u00e1nja venni szolg\u00e1ltat\u00e1sunkat, figyelmesen olvassa el a szerz\u0151d\u00e9si\u00a0felt\u00e9teleket! Felmer\u00fcl\u0151 k\u00e9rd\u00e9sek eset\u00e9n el\u00e9rhet\u0151s\u00e9geink b\u00e1rmelyik\u00e9n rendelkez\u00e9s\u00e9re \u00e1llunk.<\/p>\n<p>Megrendel\u00e9s\u00e9t csak akkor tudja elk\u00fcldeni, miut\u00e1n szerz\u0151d\u00e9si felt\u00e9teleinket elfogadta. A\u00a0tov\u00e1bbiakban az e-mail hivatalos kommunik\u00e1ci\u00f3nak min\u0151s\u00fcl, a k\u00e9s\u0151bbiekben hivatkoz\u00e1si alapul\u00a0szolg\u00e1lhat. T\u00e1rsas\u00e1gunk k\u00f6telezetts\u00e9get v\u00e1llal a megrendelt \u00e1ru legy\u00e1rt\u00e1s\u00e1ra, \u00d6n pedig legk\u00e9s\u0151bb\u00a0annak k\u00e9zhezv\u00e9telekor a teljes v\u00e9tel\u00e1r megfizet\u00e9s\u00e9re. Ez a k\u00e9s\u0151bbiekben vita t\u00e1rgy\u00e1t nem k\u00e9pezheti.<\/p>\n<p><strong>Megv\u00e1s\u00e1rolhat\u00f3 term\u00e9kek<\/strong><\/p>\n<p>Saj\u00e1t k\u00e9sz\u00edt\u00e9s\u0171, egyedi ig\u00e9nyek alapj\u00e1n legy\u00e1rtott f\u00e9m n\u00e9vjegyk\u00e1rty\u00e1k, v\u00e1laszthat\u00f3 sz\u00ednben.<\/p>\n<p><strong>\u00c1rak<\/strong><\/p>\n<p>\u00c1raink Forintban \u00e9rtend\u0151ek, brutt\u00f3 \u00e1rak, a t\u00f6rv\u00e9nyben el\u0151\u00edrt 27% \u00c1f\u00e1t tartalmazz\u00e1k. Az oldalon\u00a0szerepl\u0151 \u00e1rak azonban nem tartalmazz\u00e1k a kisz\u00e1ll\u00edt\u00e1s k\u00f6lts\u00e9g\u00e9t.<\/p>\n<p>A grafikai tev\u00e9kenys\u00e9g\u00e9rt k\u00fcl\u00f6n d\u00edjat nem sz\u00e1m\u00edtunk fel. A grafikai tervezet kiz\u00e1r\u00f3lag c\u00e9g\u00fcnk\u00a0tulajdon\u00e1t k\u00e9pezi, csak enged\u00e9llyel haszn\u00e1lhat\u00f3 fel.<\/p>\n<p><strong>Rendel\u00e9si inform\u00e1ci\u00f3k<\/strong><\/p>\n<p>Rendel\u00e9s lead\u00e1s\u00e1t a www.namecard.hu honlapon lehet elk\u00fcldeni, melyhez csatolni kell a\u00a0n\u00e9vjegyk\u00e1rty\u00e1ra ker\u00fcl\u0151 tartalmi k\u00edv\u00e1nalmakat: megjelen\u00e9si ig\u00e9nyeket, bet\u0171t\u00edpus megnevez\u00e9s\u00e9t,\u00a0feliratok pontos sz\u00f6vegez\u00e9s\u00e9t, log\u00f3t, embl\u00e9m\u00e1t a megfelel\u0151, k\u00e9s\u0151bbiekben ismertetett min\u0151s\u00e9gben.<\/p>\n<p>A megrendelt \u00e1ru v\u00e1rhat\u00f3an (az \u00e9ppen aktu\u00e1lis megrendel\u00e9s mennyis\u00e9g\u00e9nek f\u00fcggv\u00e9ny\u00e9ben) 10 \u2013 12\u00a0munkanapon bel\u00fcl elk\u00e9sz\u00fcl.<\/p>\n<p>A megrendel\u00e9s be\u00e9rkez\u00e9s\u00e9t visszaigazoljuk, mely elektronikus lev\u00e9l tartalmazza a v\u00e1rhat\u00f3 sz\u00e1ll\u00edt\u00e1si hat\u00e1rid\u0151t, egy\u00a0pontos \u00e1rkalkul\u00e1ci\u00f3t \u00e9s a l\u00e1tv\u00e1nytervet.<\/p>\n<p>A l\u00e1tv\u00e1nyterv elfogad\u00e1s\u00e1t k\u00f6vet\u0151en a tov\u00e1bbiakban m\u00f3dos\u00edt\u00e1sra, vagy el\u00e1ll\u00e1sra nincs lehet\u0151s\u00e9g.<\/p>\n<p><strong>Min\u0151s\u00e9gi k\u00f6vetelm\u00e9nyek logo, embl\u00e9ma, f\u00e9nyk\u00e9p eset\u00e9n<\/strong><\/p>\n<p>Form\u00e1tum: jpg, bmp, tif, pdf.<\/p>\n<p>M\u00e9ret: minimum 1mbyte<\/p>\n<p>A nem megfelel\u0151 min\u0151s\u00e9g\u0171 alapanyagok (logo, embl\u00e9ma, f\u00e9nyk\u00e9p) eset\u00e9n min\u0151s\u00e9gi garanci\u00e1lis\u00a0kifog\u00e1st nem \u00e1ll m\u00f3dunkban elfogadni.<\/p>\n<p><strong>L\u00e1tv\u00e1nyterv<\/strong><\/p>\n<p>Amennyiben k\u00e9sz tervvel rendelkezik, k\u00e9rj\u00fck annak felt\u00f6lt\u00e9s\u00e9t a min\u0151s\u00e9gi k\u00f6vetelm\u00e9nyek figyelembe\u00a0v\u00e9tel\u00e9vel. Lehet ez egy kor\u00e1bban haszn\u00e1lt n\u00e9vjegy is, ha pontosan olyat szeretne, a r\u00e9gebbin\u00e9l\u00a0exkluz\u00edvabb kivitelez\u00e9sben. Ebben az estben is megk\u00fcldj\u00fck elektronikus \u00faton a l\u00e1tv\u00e1nytervet, miel\u0151tt elk\u00e9sz\u00edtj\u00fck az \u00e1rut.<\/p>\n<p>R\u00e1nk is b\u00edzhatja a tervez\u00e9st, term\u00e9szetesen szint\u00e9n egyeztet\u00fcnk a term\u00e9kek legy\u00e1rt\u00e1s\u00e1nak\u00a0megkezd\u00e9se el\u0151tt.<\/p>\n<p><strong>A megrendelt term\u00e9k \u00e1tv\u00e9tele<\/strong><\/p>\n<p>Postai \u00faton, ut\u00e1nv\u00e9ttel, postafut\u00e1rral k\u00fcldve.<\/p>\n<p><strong>Fizet\u00e9s m\u00f3dja<\/strong><\/p>\n<p>&#8211; ut\u00e1nv\u00e9tel a csomag \u00e1tv\u00e9telekor<\/p>\n<p>&#8211; el\u0151re utal\u00e1s banksz\u00e1mlasz\u00e1mra<\/p>\n<p><strong>Sz\u00e1ll\u00edt\u00e1s<\/strong><\/p>\n<p>Postai \u00faton, ut\u00e1nv\u00e9ttel, postafut\u00e1rral k\u00fcldve. A post\u00e1ra ker\u00fclt term\u00e9kr\u0151l \u00e9rtes\u00edt\u00e9st k\u00fcld\u00fcnk. A\u00a0post\u00e1zott term\u00e9k \u00e1ltal\u00e1ban 1-2 munkanapon bel\u00fcl \u00e9rkezik meg. \u00c1ra egy kg s\u00falyig terjed\u0151en 1500 Ft.<br \/>\nEtt\u0151l elt\u00e9r\u0151 esetben el\u0151zetesen inform\u00e1ci\u00f3t k\u00fcld\u00fcnk a v\u00e1rhat\u00f3 k\u00f6lts\u00e9gekr\u0151l a visszaigazol\u00f3 e-mailben.<\/p>\n<p><strong>Garancia<\/strong><\/p>\n<p>Az \u00e1ltalunk okozott hib\u00e1k el\u0151fordul\u00e1sa eset\u00e9n teljes garanci\u00e1t v\u00e1llalunk. Reklam\u00e1ci\u00f3ra a\u00a0k\u00e9zhezv\u00e9telt\u0151l sz\u00e1m\u00edtott 8 napon bel\u00fcl van lehet\u0151s\u00e9g, a hib\u00e1s \u00e1rut 30 napon bel\u00fcl kicser\u00e9lj\u00fck.<\/p>\n<p>A nem megfelel\u0151 min\u0151s\u00e9g\u0171 alapanyagok (logo, embl\u00e9ma, f\u00e9nyk\u00e9p) eset\u00e9n min\u0151s\u00e9gi garanci\u00e1lis\u00a0kifog\u00e1st nem \u00e1ll m\u00f3dunkban elfogadni.<\/p>\n<p><strong>El\u00e1ll\u00e1s joga<\/strong><\/p>\n<p>Az el\u00e1ll\u00e1s felt\u00e9teleit a t\u00e1voll\u00e9v\u0151k k\u00f6z\u00f6tt k\u00f6t\u00f6tt szerz\u0151d\u00e9sr\u0151l sz\u00f3l\u00f3, 17\/1999. (II. 5.) sz\u00e1m\u00fa\u00a0korm\u00e1nyrendelet szab\u00e1lyozza. A t\u00f6rv\u00e9ny szerint az el\u00e1ll\u00e1si jog a term\u00e9k k\u00e9zhezv\u00e9tel\u00e9nek napj\u00e1t\u00f3l \u00e9l,\u00a0indokl\u00e1s n\u00e9lk\u00fcl gyakorolhat\u00f3. <em><span style=\"text-decoration: underline;\">Ez al\u00f3l kiv\u00e9telt k\u00e9peznek az egyedi ig\u00e9nyek alapj\u00e1n elk\u00e9sz\u00edtett\u00a0term\u00e9kek!<\/span><\/em><\/p>\n<p><strong>Az el\u00e1ll\u00e1s joga egyedi n\u00e9vjegy gy\u00e1rt\u00e1s\u00e1ra t\u00f6rt\u00e9n\u0151 megrendel\u00e9s eset\u00e9n a gy\u00e1rt\u00e1s megkezd\u00e9se ut\u00e1n\u00a0m\u00e1r nem \u00e9rv\u00e9nyes\u00edthet\u0151! A legy\u00e1rtott term\u00e9keket minden esetben ki kell fizetni!<\/strong><\/p>\n<p><strong>Adatv\u00e9delem<\/strong><\/p>\n<p>A mindenkori hat\u00e1lyos t\u00f6rv\u00e9nyek el\u0151\u00edr\u00e1sainak megfelel\u0151en t\u00f6rt\u00e9nik. Megrendel\u00e9s eset\u00e9n kiz\u00e1r\u00f3lag\u00a0azokat az inform\u00e1ci\u00f3kat k\u00e9rj\u00fck v\u00e1s\u00e1rl\u00f3inkt\u00f3l, amelyek felt\u00e9tlen\u00fcl sz\u00fcks\u00e9gesek a rendel\u00e9s\u00a0teljes\u00edt\u00e9s\u00e9nek lebonyol\u00edt\u00e1s\u00e1hoz. Az adatokat harmadik f\u00e9l sz\u00e1m\u00e1ra nem adjuk ki. Ez al\u00f3l kiv\u00e9telt\u00a0k\u00e9peznek azon inform\u00e1ci\u00f3k, melyek a term\u00e9kek k\u00e9zbes\u00edt\u00e9s\u00e9hez vagy kisz\u00e1ll\u00edt\u00e1s\u00e1hoz sz\u00fcks\u00e9gesek.<\/p>\n<p><strong>\u00dczemeltet\u0151i adatok<\/strong><\/p>\n<p>TRIGON 9000 Kft<\/p>\n<p>Ad\u00f3sz\u00e1m: 13298704-2-19<\/p>\n<p>C\u00e9gjegyz\u00e9ksz\u00e1m:\u00a019-19-507659<\/p>\n<p>Banksz\u00e1mla sz\u00e1m: K&amp;H 10201006-50245608-00000000<\/p>\n<p>IBAN k\u00f3d:\u00a0HU42 1020 1006 5024 5608 0000 0000<\/p>\n<p>SWIFT k\u00f3d: OKHBHUHB<\/p>\n<p>Sz\u00e9khely: 8412 Veszpr\u00e9m, Posta u. 67.<\/p>\n<p>Levelez\u00e9si c\u00edm: 8412 Veszpr\u00e9m, Posta u. 67.<\/p>\n<p>8200 Veszpr\u00e9m, Ady Endre u. 7\/b. fsz. 2.<\/p>\n<p>Kapcsolattart\u00f3 neve: Franczia D\u00e1niel<\/p>\n<p>Telefonsz\u00e1m: +36 30 4266099<\/p>\n<p>Email c\u00edm: info@namecard.hu<\/p>\n<p>Weboldal: www.namecard.hu <\/p>","protected":false},"excerpt":{"rendered":"<p>Amennyiben ig\u00e9nybe k\u00edv\u00e1nja venni szolg\u00e1ltat\u00e1sunkat, figyelmesen olvassa el a szerz\u0151d\u00e9si\u00a0felt\u00e9teleket! Felmer\u00fcl\u0151 k\u00e9rd\u00e9sek eset\u00e9n el\u00e9rhet\u0151s\u00e9geink b\u00e1rmelyik\u00e9n rendelkez\u00e9s\u00e9re \u00e1llunk. Megrendel\u00e9s\u00e9t csak akkor tudja elk\u00fcldeni, miut\u00e1n szerz\u0151d\u00e9si felt\u00e9teleinket elfogadta. A\u00a0tov\u00e1bbiakban az e-mail hivatalos kommunik\u00e1ci\u00f3nak min\u0151s\u00fcl, a k\u00e9s\u0151bbiekben hivatkoz\u00e1si alapul\u00a0szolg\u00e1lhat. T\u00e1rsas\u00e1gunk k\u00f6telezetts\u00e9get v\u00e1llal a megrendelt \u00e1ru legy\u00e1rt\u00e1s\u00e1ra, \u00d6n pedig legk\u00e9s\u0151bb\u00a0annak k\u00e9zhezv\u00e9telekor a teljes v\u00e9tel\u00e1r megfizet\u00e9s\u00e9re. Ez a k\u00e9s\u0151bbiekben vita&#8230; <\/p>\n<div class=\"clear\"><\/div>\n<p><a href=\"https:\/\/namecard.hu\/en\/altalanos-szerzodesi-feltetelek\/\" class=\"excerpt-read-more\">Read More<\/a><\/p>\n","protected":false},"author":1,"featured_media":0,"parent":0,"menu_order":0,"comment_status":"closed","ping_status":"closed","template":"","meta":{"footnotes":""},"_links":{"self":[{"href":"https:\/\/namecard.hu\/en\/wp-json\/wp\/v2\/pages\/4001"}],"collection":[{"href":"https:\/\/namecard.hu\/en\/wp-json\/wp\/v2\/pages"}],"about":[{"href":"https:\/\/namecard.hu\/en\/wp-json\/wp\/v2\/types\/page"}],"author":[{"embeddable":true,"href":"https:\/\/namecard.hu\/en\/wp-json\/wp\/v2\/users\/1"}],"replies":[{"embeddable":true,"href":"https:\/\/namecard.hu\/en\/wp-json\/wp\/v2\/comments?post=4001"}],"version-history":[{"count":10,"href":"https:\/\/namecard.hu\/en\/wp-json\/wp\/v2\/pages\/4001\/revisions"}],"predecessor-version":[{"id":4493,"href":"https:\/\/namecard.hu\/en\/wp-json\/wp\/v2\/pages\/4001\/revisions\/4493"}],"wp:attachment":[{"href":"https:\/\/namecard.hu\/en\/wp-json\/wp\/v2\/media?parent=4001"}],"curies":[{"name":"wp","href":"https:\/\/api.w.org\/{rel}","templated":true}]}}